{"id":2269,"date":"2026-03-31T01:19:55","date_gmt":"2026-03-30T22:19:55","guid":{"rendered":"https:\/\/brothersjewellery.com\/urun\/o37-the-brothers-noir-ozel-uretim-siyah-mineli-yuzuk\/"},"modified":"2026-04-01T01:04:47","modified_gmt":"2026-03-31T22:04:47","slug":"o37-the-brothers-noir-ozel-uretim-siyah-mineli-yuzuk","status":"publish","type":"product","link":"https:\/\/brothersjewellery.com\/en\/product\/o37-the-brothers-noir-ozel-uretim-siyah-mineli-yuzuk\/","title":{"rendered":"O37- The Brothers &#8220;Noir&#8221; &#8211; \u00d6zel \u00dcretim Siyah Mineli Y\u00fcz\u00fck"},"content":{"rendered":"<p>\u00dcr\u00fcn \u00d6zellikleri:<br \/>\nMateryal: 925 Ayar G\u00fcm\u00fc\u015f<br \/>\n\u0130\u015f\u00e7ilik: \u00dcst y\u00fczey siyah mine uygulamas\u0131<br \/>\nA\u011f\u0131rl\u0131k: 10.72 gram<br \/>\nForm: Dikd\u00f6rtgen kesim, minimalist ve sade yap\u0131<br \/>\nAyr\u0131cal\u0131k: Sadece 1 adet \u00fcretilmi\u015ftir (Koleksiyonluk ve ki\u015fiye \u00f6zel bir par\u00e7ad\u0131r)<br \/>\nThe Brothers Jewellery kalitesiyle, sadece size \u00f6zel) <\/p>","protected":false},"excerpt":{"rendered":"<p>The Brothers Jewellery imzas\u0131 ta\u015f\u0131yan bu e\u015fsiz tasar\u0131m, sadeli\u011fin ve zamans\u0131z \u015f\u0131kl\u0131\u011f\u0131n en g\u00fc\u00e7l\u00fc halini parmaklar\u0131n\u0131za ta\u015f\u0131yor. Karakteristik dikd\u00f6rtgen formu ve p\u00fcr\u00fczs\u00fcz siyah mine i\u015f\u00e7ili\u011fiyle \u00f6ne \u00e7\u0131kan bu y\u00fcz\u00fck, abart\u0131dan uzak ama bir o kadar da iddial\u0131 bir duru\u015f sergiliyor.<br \/>\nSadece bir adet \u00fcretilen bu \u00f6zel par\u00e7a, sahibine tamamen e\u015fsiz bir deneyim sunmak i\u00e7in tasarland\u0131. 925 ayar g\u00fcm\u00fc\u015f\u00fcn so\u011fuk parlakl\u0131\u011f\u0131 ile siyah minenin asil duru\u015fu aras\u0131ndaki m\u00fckemmel kontrast, hem g\u00fcnl\u00fck stilinizi tamamlayacak hem de \u00f6zel g\u00fcnlerinizde karakterinizi yans\u0131tacak. Y\u0131llar boyu formunu ve anlam\u0131n\u0131 koruyacak, modas\u0131 asla ge\u00e7meyecek ger\u00e7ek bir klasik.<\/p>","protected":false},"featured_media":2047,"comment_status":"open","ping_status":"closed","template":"","meta":[],"product_brand":[],"product_cat":[116,79,54],"product_tag":[],"class_list":{"0":"post-2269","1":"product","2":"type-product","3":"status-publish","4":"has-post-thumbnail","6":"product_cat-ozel-tasarim","7":"product_cat-tasli-yuzukler","8":"product_cat-yuzuk","10":"first","11":"instock","12":"shipping-taxable","13":"purchasable","14":"product-type-variable"},"_links":{"self":[{"href":"https:\/\/brothersjewellery.com\/en\/wp-json\/wp\/v2\/product\/2269","targetHints":{"allow":["GET"]}}],"collection":[{"href":"https:\/\/brothersjewellery.com\/en\/wp-json\/wp\/v2\/product"}],"about":[{"href":"https:\/\/brothersjewellery.com\/en\/wp-json\/wp\/v2\/types\/product"}],"replies":[{"embeddable":true,"href":"https:\/\/brothersjewellery.com\/en\/wp-json\/wp\/v2\/comments?post=2269"}],"wp:featuredmedia":[{"embeddable":true,"href":"https:\/\/brothersjewellery.com\/en\/wp-json\/wp\/v2\/media\/2047"}],"wp:attachment":[{"href":"https:\/\/brothersjewellery.com\/en\/wp-json\/wp\/v2\/media?parent=2269"}],"wp:term":[{"taxonomy":"product_brand","embeddable":true,"href":"https:\/\/brothersjewellery.com\/en\/wp-json\/wp\/v2\/product_brand?post=2269"},{"taxonomy":"product_cat","embeddable":true,"href":"https:\/\/brothersjewellery.com\/en\/wp-json\/wp\/v2\/product_cat?post=2269"},{"taxonomy":"product_tag","embeddable":true,"href":"https:\/\/brothersjewellery.com\/en\/wp-json\/wp\/v2\/product_tag?post=2269"}],"curies":[{"name":"wp","href":"https:\/\/api.w.org\/{rel}","templated":true}]}}