{"id":2270,"date":"2026-03-31T01:19:56","date_gmt":"2026-03-30T22:19:56","guid":{"rendered":"https:\/\/brothersjewellery.com\/urun\/o38-luna-sole-tek-uretim-ozel-montur-ay-tasi-yuzuk\/"},"modified":"2026-04-01T01:04:47","modified_gmt":"2026-03-31T22:04:47","slug":"o38-luna-sole-tek-uretim-ozel-montur-ay-tasi-yuzuk","status":"publish","type":"product","link":"https:\/\/brothersjewellery.com\/en\/product\/o38-luna-sole-tek-uretim-ozel-montur-ay-tasi-yuzuk\/","title":{"rendered":"O38-  &#8220;Luna Sole&#8221; &#8211; Tek \u00dcretim \u00d6zel Mont\u00fcr Ay Ta\u015f\u0131 Y\u00fcz\u00fck"},"content":{"rendered":"<p>\u00dcr\u00fcn \u00d6zellikleri:<br \/>\nMateryal: 925 Ayar G\u00fcm\u00fc\u015f<br \/>\nTa\u015f: Do\u011fal Ay Ta\u015f\u0131 (Moonstone)<br \/>\nA\u011f\u0131rl\u0131k: 17.18 gram<br \/>\nTasar\u0131m Detay\u0131: Ta\u015fa \u00f6zel kal\u0131planm\u0131\u015f, y\u00fcksek duru\u015flu ve tok g\u00f6vdeli \u00f6zel mont\u00fcr<br \/>\nAyr\u0131cal\u0131k: Yaln\u0131zca 1 adet \u00fcretilmi\u015ftir. Sat\u0131ld\u0131\u011f\u0131nda bir e\u015fi daha olmayacakt\u0131r.<br \/>\nThe Brothers Jewellery kalitesiyle, sadece size \u00f6zel<\/p>","protected":false},"excerpt":{"rendered":"<p>Do\u011fan\u0131n I\u015f\u0131lt\u0131s\u0131, Ustal\u0131\u011f\u0131n \u0130mzas\u0131\u2026<br \/>\nThe Brothers Jewellery zanaatk\u00e2rl\u0131\u011f\u0131n\u0131n en \u00f6zel yans\u0131malar\u0131ndan biri olan &#8220;Luna Sole&#8221;, ismini ay\u0131n b\u00fcy\u00fcleyici \u0131\u015f\u0131\u011f\u0131ndan ve kendi e\u015fsiz do\u011fas\u0131ndan al\u0131yor. Tamamen el i\u015f\u00e7ili\u011fiyle ve sadece  bir adet \u00fcretilen bu y\u00fcz\u00fck, s\u0131radan bir aksesuardan \u00e7ok daha fazlas\u0131; parma\u011f\u0131n\u0131zda ta\u015f\u0131yaca\u011f\u0131n\u0131z ki\u015fisel ve zamans\u0131z bir miras.<br \/>\nTasar\u0131m\u0131n kalbinde yer alan Ay Ta\u015f\u0131 (Moonstone), p\u00fcr\u00fczs\u00fcz kaba\u015fon kesimiyle gizemli ve ipeksi bir \u0131\u015f\u0131k sa\u00e7\u0131yor. Ta\u015f\u0131n kendi do\u011fal formuna sad\u0131k kal\u0131narak, tamamen ona \u00f6zel haz\u0131rlanan mont\u00fcr; y\u00fcz\u00fc\u011fe hem kusursuz bir b\u00fct\u00fcnl\u00fck hem de olduk\u00e7a y\u00fcksek ve iddial\u0131 bir duru\u015f kazand\u0131r\u0131yor.<br \/>\n17.18 graml\u0131k g\u00fcm\u00fc\u015f a\u011f\u0131rl\u0131\u011f\u0131 ve \u00f6zenle \u015fekillendirilmi\u015f g\u00f6vdesiyle parma\u011f\u0131n\u0131zda olduk\u00e7a tok ve g\u00fc\u00e7l\u00fc bir hissiyat b\u0131rakan &#8220;Luna Sole&#8221;, mask\u00fclen \u00e7izgileri do\u011fan\u0131n zarafetiyle harmanl\u0131yor.<br \/>\nE\u015fi benzeri olmayan bu \u00f6zel tasar\u0131mla stilinize g\u00fc\u00e7l\u00fc bir imza atmak istiyorsan\u0131z, &#8220;Luna Sole&#8221; hikayesinin tek sahibi siz olabilirsiniz.<\/p>","protected":false},"featured_media":2052,"comment_status":"open","ping_status":"closed","template":"","meta":[],"product_brand":[],"product_cat":[116,79,54],"product_tag":[],"class_list":{"0":"post-2270","1":"product","2":"type-product","3":"status-publish","4":"has-post-thumbnail","6":"product_cat-ozel-tasarim","7":"product_cat-tasli-yuzukler","8":"product_cat-yuzuk","10":"first","11":"instock","12":"shipping-taxable","13":"purchasable","14":"product-type-variable"},"_links":{"self":[{"href":"https:\/\/brothersjewellery.com\/en\/wp-json\/wp\/v2\/product\/2270","targetHints":{"allow":["GET"]}}],"collection":[{"href":"https:\/\/brothersjewellery.com\/en\/wp-json\/wp\/v2\/product"}],"about":[{"href":"https:\/\/brothersjewellery.com\/en\/wp-json\/wp\/v2\/types\/product"}],"replies":[{"embeddable":true,"href":"https:\/\/brothersjewellery.com\/en\/wp-json\/wp\/v2\/comments?post=2270"}],"wp:featuredmedia":[{"embeddable":true,"href":"https:\/\/brothersjewellery.com\/en\/wp-json\/wp\/v2\/media\/2052"}],"wp:attachment":[{"href":"https:\/\/brothersjewellery.com\/en\/wp-json\/wp\/v2\/media?parent=2270"}],"wp:term":[{"taxonomy":"product_brand","embeddable":true,"href":"https:\/\/brothersjewellery.com\/en\/wp-json\/wp\/v2\/product_brand?post=2270"},{"taxonomy":"product_cat","embeddable":true,"href":"https:\/\/brothersjewellery.com\/en\/wp-json\/wp\/v2\/product_cat?post=2270"},{"taxonomy":"product_tag","embeddable":true,"href":"https:\/\/brothersjewellery.com\/en\/wp-json\/wp\/v2\/product_tag?post=2270"}],"curies":[{"name":"wp","href":"https:\/\/api.w.org\/{rel}","templated":true}]}}