{"id":2271,"date":"2026-03-31T01:19:56","date_gmt":"2026-03-30T22:19:56","guid":{"rendered":"https:\/\/brothersjewellery.com\/urun\/o39-fasetli-derinlik-tek-uretim-lapis-lazuli-yuzuk\/"},"modified":"2026-04-01T01:04:37","modified_gmt":"2026-03-31T22:04:37","slug":"o39-fasetli-derinlik-tek-uretim-lapis-lazuli-yuzuk","status":"publish","type":"product","link":"https:\/\/brothersjewellery.com\/en\/product\/o39-fasetli-derinlik-tek-uretim-lapis-lazuli-yuzuk\/","title":{"rendered":"O39- Fasetli Derinlik&#8221; &#8211; Tek \u00dcretim Lapis Lazuli Y\u00fcz\u00fck"},"content":{"rendered":"<p>\u00dcr\u00fcn \u00d6zellikleri:<br \/>\nMateryal: 925 Ayar G\u00fcm\u00fc\u015f<br \/>\nTa\u015f: Faset Kesim Do\u011fal Lapis Lazuli (Lacivert)<br \/>\nA\u011f\u0131rl\u0131k: 14.49 gram<br \/>\nY\u00fczey: Parlak cilal\u0131, zamans\u0131z neoklasik form<br \/>\nTasar\u0131m Detay\u0131: Ta\u015fa \u00f6zel kal\u0131planm\u0131\u015f, y\u00fcksek duru\u015flu ve tok g\u00f6vdeli \u00f6zel mont\u00fcr<br \/>\nAyr\u0131cal\u0131k: Yaln\u0131zca 1 adet \u00fcretilmi\u015ftir. Sat\u0131ld\u0131\u011f\u0131nda bir e\u015fi daha olmayacakt\u0131r.<br \/>\nThe Brothers Jewellery kalitesiyle, sadece size \u00f6zel<\/p>","protected":false},"excerpt":{"rendered":"<p>Gecenin Rengi, Ustal\u0131\u011f\u0131n I\u015f\u0131lt\u0131s\u0131: Sadece Bir Adet.<br \/>\nThe Brothers Jewellery zanaatk\u00e2rl\u0131\u011f\u0131n\u0131n usta i\u015fi bir yans\u0131mas\u0131 olan &#8220;Fasetli Derinlik&#8221;, g\u00fcc\u00fcn\u00fc zamans\u0131z neoklasik tasar\u0131m\u0131ndan ve merkezindeki b\u00fcy\u00fcleyici fasetli Lapis Lazuli ta\u015f\u0131ndan al\u0131yor. Y\u00fczeye uygulanan parlak cila, ta\u015f\u0131n \u00fczerindeki kusursuz faset (geometrik) kesimlerle birle\u015ferek, \u0131\u015f\u0131\u011f\u0131n her a\u00e7\u0131s\u0131nda farkl\u0131 bir yans\u0131ma ve u\u00e7suz bucaks\u0131z bir derinlik sunuyor.<br \/>\nSadece bir adet \u00fcretilen bu \u00f6zel par\u00e7a, s\u0131radan bir aksesuar de\u011fil; karakterinizi yans\u0131tacak ve y\u0131llarca formunu koruyacak giyilebilir bir sanat eseri. Do\u011fal Lapis Lazuli&#8217;nin kendi formuna sad\u0131k kal\u0131narak tamamen bu ta\u015fa \u00f6zel \u015fekillendirilen mont\u00fcr, y\u00fcz\u00fc\u011fe olduk\u00e7a y\u00fcksek ve iddial\u0131 bir duru\u015f kazand\u0131r\u0131yor.<br \/>\n14.49 graml\u0131k a\u011f\u0131rl\u0131\u011f\u0131, parlak cilal\u0131 kusursuz y\u00fczeyi ve kal\u0131n g\u00f6vdesiyle parma\u011f\u0131n\u0131zda olduk\u00e7a g\u00fc\u00e7l\u00fc ve tok bir hissiyat b\u0131rakan bu tasar\u0131m, neoklasik \u00e7izgileri modern bir l\u00fcks anlay\u0131\u015f\u0131yla harmanl\u0131yor. E\u015fi benzeri olmayan bu par\u00e7ayla stilinize asil bir dokunu\u015f yap\u0131n.<\/p>","protected":false},"featured_media":2056,"comment_status":"open","ping_status":"closed","template":"","meta":[],"product_brand":[],"product_cat":[116,79,54],"product_tag":[],"class_list":{"0":"post-2271","1":"product","2":"type-product","3":"status-publish","4":"has-post-thumbnail","6":"product_cat-ozel-tasarim","7":"product_cat-tasli-yuzukler","8":"product_cat-yuzuk","10":"first","11":"instock","12":"shipping-taxable","13":"purchasable","14":"product-type-variable"},"_links":{"self":[{"href":"https:\/\/brothersjewellery.com\/en\/wp-json\/wp\/v2\/product\/2271","targetHints":{"allow":["GET"]}}],"collection":[{"href":"https:\/\/brothersjewellery.com\/en\/wp-json\/wp\/v2\/product"}],"about":[{"href":"https:\/\/brothersjewellery.com\/en\/wp-json\/wp\/v2\/types\/product"}],"replies":[{"embeddable":true,"href":"https:\/\/brothersjewellery.com\/en\/wp-json\/wp\/v2\/comments?post=2271"}],"wp:featuredmedia":[{"embeddable":true,"href":"https:\/\/brothersjewellery.com\/en\/wp-json\/wp\/v2\/media\/2056"}],"wp:attachment":[{"href":"https:\/\/brothersjewellery.com\/en\/wp-json\/wp\/v2\/media?parent=2271"}],"wp:term":[{"taxonomy":"product_brand","embeddable":true,"href":"https:\/\/brothersjewellery.com\/en\/wp-json\/wp\/v2\/product_brand?post=2271"},{"taxonomy":"product_cat","embeddable":true,"href":"https:\/\/brothersjewellery.com\/en\/wp-json\/wp\/v2\/product_cat?post=2271"},{"taxonomy":"product_tag","embeddable":true,"href":"https:\/\/brothersjewellery.com\/en\/wp-json\/wp\/v2\/product_tag?post=2271"}],"curies":[{"name":"wp","href":"https:\/\/api.w.org\/{rel}","templated":true}]}}