{"id":2274,"date":"2026-03-31T01:19:56","date_gmt":"2026-03-30T22:19:56","guid":{"rendered":"https:\/\/brothersjewellery.com\/urun\/o42-urun-ismi-onerisi\/"},"modified":"2026-04-01T01:04:26","modified_gmt":"2026-03-31T22:04:26","slug":"o42-urun-ismi-onerisi","status":"publish","type":"product","link":"https:\/\/brothersjewellery.com\/en\/product\/o42-urun-ismi-onerisi\/","title":{"rendered":"O42- \u00dcr\u00fcn \u0130smi \u00d6nerisi:"},"content":{"rendered":"<p>\u00dcr\u00fcn \u00d6zellikleri:<br \/>\nDo\u011fal ametist ta\u015f<br \/>\nMor mine detay<br \/>\n925 ayar g\u00fcm\u00fc\u015f<br \/>\nEl yap\u0131m\u0131<br \/>\nTek \u00fcretim (one of a kind)<br \/>\nA\u011f\u0131rl\u0131k: ~13.3 gr<br \/>\nSer\u00e7e parmak kullan\u0131m\u0131 i\u00e7in ideal form<\/p>","protected":false},"excerpt":{"rendered":"<p>Zamans\u0131z formu ve g\u00fc\u00e7l\u00fc karakteriyle \u00f6ne \u00e7\u0131kan Imperium Amethyst Signet Ring, klasik y\u00fcz\u00fck gelene\u011fini modern bir yorumla yeniden ele al\u0131yor.<br \/>\nMerkezde yer alan do\u011fal ametist ta\u015f\u0131, derin mor tonlar\u0131yla \u0131\u015f\u0131\u011f\u0131 sofistike bir \u015fekilde yans\u0131t\u0131rken; \u00e7evresini saran mor mine detay\u0131 tasar\u0131ma b\u00fct\u00fcnl\u00fck ve \u00f6zg\u00fcnl\u00fck kazand\u0131r\u0131r. Geni\u015f ve dengeli formu sayesinde \u00f6zellikle ser\u00e7e parmakta g\u00fc\u00e7l\u00fc, karakteristik bir duru\u015f sergiler.<br \/>\nEl i\u015f\u00e7ili\u011fiyle \u00fcretilmi\u015f bu \u00f6zel par\u00e7a, y\u00fczeydeki hafif dokulu efekt ve parlak cilal\u0131 detaylar\u0131n kontrast\u0131yla dikkat \u00e7eker. Minimal ama iddial\u0131 bir tasar\u0131m dili sunar.<br \/>\nBu y\u00fcz\u00fck tek \u00fcretimdir \u2014 benzeri yoktur. Klasik formu sayesinde y\u0131llar ge\u00e7se de stilinden \u00f6d\u00fcn vermez.<\/p>","protected":false},"featured_media":2071,"comment_status":"open","ping_status":"closed","template":"","meta":[],"product_brand":[],"product_cat":[116,79,54],"product_tag":[],"class_list":{"0":"post-2274","1":"product","2":"type-product","3":"status-publish","4":"has-post-thumbnail","6":"product_cat-ozel-tasarim","7":"product_cat-tasli-yuzukler","8":"product_cat-yuzuk","10":"first","11":"instock","12":"shipping-taxable","13":"purchasable","14":"product-type-variable"},"_links":{"self":[{"href":"https:\/\/brothersjewellery.com\/en\/wp-json\/wp\/v2\/product\/2274","targetHints":{"allow":["GET"]}}],"collection":[{"href":"https:\/\/brothersjewellery.com\/en\/wp-json\/wp\/v2\/product"}],"about":[{"href":"https:\/\/brothersjewellery.com\/en\/wp-json\/wp\/v2\/types\/product"}],"replies":[{"embeddable":true,"href":"https:\/\/brothersjewellery.com\/en\/wp-json\/wp\/v2\/comments?post=2274"}],"wp:featuredmedia":[{"embeddable":true,"href":"https:\/\/brothersjewellery.com\/en\/wp-json\/wp\/v2\/media\/2071"}],"wp:attachment":[{"href":"https:\/\/brothersjewellery.com\/en\/wp-json\/wp\/v2\/media?parent=2274"}],"wp:term":[{"taxonomy":"product_brand","embeddable":true,"href":"https:\/\/brothersjewellery.com\/en\/wp-json\/wp\/v2\/product_brand?post=2274"},{"taxonomy":"product_cat","embeddable":true,"href":"https:\/\/brothersjewellery.com\/en\/wp-json\/wp\/v2\/product_cat?post=2274"},{"taxonomy":"product_tag","embeddable":true,"href":"https:\/\/brothersjewellery.com\/en\/wp-json\/wp\/v2\/product_tag?post=2274"}],"curies":[{"name":"wp","href":"https:\/\/api.w.org\/{rel}","templated":true}]}}