{"id":2280,"date":"2026-03-31T01:19:56","date_gmt":"2026-03-30T22:19:56","guid":{"rendered":"https:\/\/brothersjewellery.com\/urun\/o48-golge-labradorit-yuzugu\/"},"modified":"2026-04-01T01:03:55","modified_gmt":"2026-03-31T22:03:55","slug":"o48-golge-labradorit-yuzugu","status":"publish","type":"product","link":"https:\/\/brothersjewellery.com\/en\/product\/o48-golge-labradorit-yuzugu\/","title":{"rendered":"O48- G\u00f6lge Labradorit Y\u00fcz\u00fc\u011f\u00fc"},"content":{"rendered":"<p>\u00dcr\u00fcn \u00d6zellikleri:<br \/>\nDo\u011fal labradorit ta\u015f<br \/>\n925 ayar g\u00fcm\u00fc\u015f<br \/>\nParlak cilal\u0131 y\u00fczey<br \/>\nEl yap\u0131m\u0131<br \/>\nOval ta\u015f formu<br \/>\n\u015e\u00f6valye kasa<br \/>\nA\u011f\u0131rl\u0131k: ~15.8 gr<br \/>\nTek \u00fcretim (one of a kind)<\/p>","protected":false},"excerpt":{"rendered":"<p>Derin tonlar\u0131 ve \u0131\u015f\u0131\u011fa g\u00f6re de\u011fi\u015fen yans\u0131malar\u0131yla \u00f6ne \u00e7\u0131kan G\u00f6lge Labradorit Y\u00fcz\u00fc\u011f\u00fc, g\u00fc\u00e7l\u00fc ve zamans\u0131z bir tasar\u0131m anlay\u0131\u015f\u0131n\u0131 yans\u0131t\u0131r.<br \/>\nMerkezde yer alan do\u011fal labradorit ta\u015f\u0131, gri\u2013ye\u015fil ge\u00e7i\u015fleri ve i\u00e7sel \u0131\u015f\u0131lt\u0131s\u0131yla her a\u00e7\u0131dan farkl\u0131 bir karakter sunar. I\u015f\u0131\u011fa ba\u011fl\u0131 olarak ortaya \u00e7\u0131kan bu do\u011fal efekt, y\u00fcz\u00fc\u011fe dinamik ve gizemli bir derinlik kazand\u0131r\u0131r.<br \/>\nOval formdaki ta\u015f, klasik \u015f\u00f6valye kasa ile birle\u015ferek dengeli ve tok bir siluet olu\u015fturur. Parlak cilal\u0131 g\u00fcm\u00fc\u015f y\u00fczey, ta\u015f\u0131n do\u011fal oyunlar\u0131n\u0131 \u00f6n plana \u00e7\u0131kar\u0131rken temiz ve net bir g\u00f6r\u00fcn\u00fcm sa\u011flar.<br \/>\nZamans\u0131z formu sayesinde y\u0131llar ge\u00e7se de stilini koruyacak, g\u00fc\u00e7l\u00fc duru\u015fuyla \u00f6ne \u00e7\u0131kan bir par\u00e7ad\u0131r.<br \/>\nBu y\u00fcz\u00fck tek \u00fcretimdir. Ayn\u0131s\u0131 yoktur.<\/p>","protected":false},"featured_media":2098,"comment_status":"open","ping_status":"closed","template":"","meta":[],"product_brand":[],"product_cat":[116,79,54],"product_tag":[],"class_list":{"0":"post-2280","1":"product","2":"type-product","3":"status-publish","4":"has-post-thumbnail","6":"product_cat-ozel-tasarim","7":"product_cat-tasli-yuzukler","8":"product_cat-yuzuk","10":"first","11":"instock","12":"shipping-taxable","13":"purchasable","14":"product-type-variable"},"_links":{"self":[{"href":"https:\/\/brothersjewellery.com\/en\/wp-json\/wp\/v2\/product\/2280","targetHints":{"allow":["GET"]}}],"collection":[{"href":"https:\/\/brothersjewellery.com\/en\/wp-json\/wp\/v2\/product"}],"about":[{"href":"https:\/\/brothersjewellery.com\/en\/wp-json\/wp\/v2\/types\/product"}],"replies":[{"embeddable":true,"href":"https:\/\/brothersjewellery.com\/en\/wp-json\/wp\/v2\/comments?post=2280"}],"wp:featuredmedia":[{"embeddable":true,"href":"https:\/\/brothersjewellery.com\/en\/wp-json\/wp\/v2\/media\/2098"}],"wp:attachment":[{"href":"https:\/\/brothersjewellery.com\/en\/wp-json\/wp\/v2\/media?parent=2280"}],"wp:term":[{"taxonomy":"product_brand","embeddable":true,"href":"https:\/\/brothersjewellery.com\/en\/wp-json\/wp\/v2\/product_brand?post=2280"},{"taxonomy":"product_cat","embeddable":true,"href":"https:\/\/brothersjewellery.com\/en\/wp-json\/wp\/v2\/product_cat?post=2280"},{"taxonomy":"product_tag","embeddable":true,"href":"https:\/\/brothersjewellery.com\/en\/wp-json\/wp\/v2\/product_tag?post=2280"}],"curies":[{"name":"wp","href":"https:\/\/api.w.org\/{rel}","templated":true}]}}