{"id":2281,"date":"2026-03-31T01:19:56","date_gmt":"2026-03-30T22:19:56","guid":{"rendered":"https:\/\/brothersjewellery.com\/urun\/o49-ay-isigi-yuzugu\/"},"modified":"2026-04-01T01:03:45","modified_gmt":"2026-03-31T22:03:45","slug":"o49-ay-isigi-yuzugu","status":"publish","type":"product","link":"https:\/\/brothersjewellery.com\/en\/product\/o49-ay-isigi-yuzugu\/","title":{"rendered":"O49- Ay I\u015f\u0131\u011f\u0131 Y\u00fcz\u00fc\u011f\u00fc"},"content":{"rendered":"<p>\u00dcr\u00fcn \u00d6zellikleri:<br \/>\nDo\u011fal ay ta\u015f\u0131<br \/>\nOval kaba\u015fon kesim<br \/>\n925 ayar g\u00fcm\u00fc\u015f<br \/>\nParlak cilal\u0131 y\u00fczey<br \/>\nEl yap\u0131m\u0131<br \/>\nTok ve dolgun form<br \/>\nA\u011f\u0131rl\u0131k: ~15.3 gr<br \/>\nTek \u00fcretim (one of a kind)<\/p>","protected":false},"excerpt":{"rendered":"<p>Yumu\u015fak \u0131\u015f\u0131lt\u0131s\u0131 ve dengeli formuyla \u00f6ne \u00e7\u0131kan Ay I\u015f\u0131\u011f\u0131 Y\u00fcz\u00fc\u011f\u00fc, zamans\u0131z tasar\u0131m anlay\u0131\u015f\u0131n\u0131 sade bir estetikle sunar.<br \/>\nMerkezde yer alan do\u011fal ay ta\u015f\u0131, oval kaba\u015fon kesimi sayesinde \u0131\u015f\u0131\u011f\u0131 y\u00fczeyinde nazik\u00e7e yayarak kendine \u00f6zg\u00fc bir parlama olu\u015fturur. Bu do\u011fal \u0131\u015f\u0131lt\u0131, y\u00fcz\u00fc\u011fe sakin ama dikkat \u00e7ekici bir karakter kazand\u0131r\u0131r.<br \/>\nParlak cilal\u0131 g\u00fcm\u00fc\u015f g\u00f6vde, ta\u015f\u0131n yumu\u015fak tonlar\u0131n\u0131 \u00f6n plana \u00e7\u0131kar\u0131rken; dolgun ve tok formu elde g\u00fc\u00e7l\u00fc ve dengeli bir his b\u0131rak\u0131r. Abart\u0131dan uzak, rafine ve uzun \u00f6m\u00fcrl\u00fc bir tasar\u0131m.<br \/>\nG\u00fcnl\u00fck kullan\u0131mda sade, \u00f6zel anlarda ise anlam kazanan bir par\u00e7a.<br \/>\nBu y\u00fcz\u00fck tek \u00fcretimdir. Ayn\u0131s\u0131 yoktur.<\/p>","protected":false},"featured_media":2102,"comment_status":"open","ping_status":"closed","template":"","meta":[],"product_brand":[],"product_cat":[116,79,54],"product_tag":[],"class_list":{"0":"post-2281","1":"product","2":"type-product","3":"status-publish","4":"has-post-thumbnail","6":"product_cat-ozel-tasarim","7":"product_cat-tasli-yuzukler","8":"product_cat-yuzuk","10":"first","11":"instock","12":"shipping-taxable","13":"purchasable","14":"product-type-variable"},"_links":{"self":[{"href":"https:\/\/brothersjewellery.com\/en\/wp-json\/wp\/v2\/product\/2281","targetHints":{"allow":["GET"]}}],"collection":[{"href":"https:\/\/brothersjewellery.com\/en\/wp-json\/wp\/v2\/product"}],"about":[{"href":"https:\/\/brothersjewellery.com\/en\/wp-json\/wp\/v2\/types\/product"}],"replies":[{"embeddable":true,"href":"https:\/\/brothersjewellery.com\/en\/wp-json\/wp\/v2\/comments?post=2281"}],"wp:featuredmedia":[{"embeddable":true,"href":"https:\/\/brothersjewellery.com\/en\/wp-json\/wp\/v2\/media\/2102"}],"wp:attachment":[{"href":"https:\/\/brothersjewellery.com\/en\/wp-json\/wp\/v2\/media?parent=2281"}],"wp:term":[{"taxonomy":"product_brand","embeddable":true,"href":"https:\/\/brothersjewellery.com\/en\/wp-json\/wp\/v2\/product_brand?post=2281"},{"taxonomy":"product_cat","embeddable":true,"href":"https:\/\/brothersjewellery.com\/en\/wp-json\/wp\/v2\/product_cat?post=2281"},{"taxonomy":"product_tag","embeddable":true,"href":"https:\/\/brothersjewellery.com\/en\/wp-json\/wp\/v2\/product_tag?post=2281"}],"curies":[{"name":"wp","href":"https:\/\/api.w.org\/{rel}","templated":true}]}}