{"id":2284,"date":"2026-03-31T01:19:56","date_gmt":"2026-03-30T22:19:56","guid":{"rendered":"https:\/\/brothersjewellery.com\/urun\/o52-mavi-ufuk\/"},"modified":"2026-04-01T01:03:35","modified_gmt":"2026-03-31T22:03:35","slug":"o52-mavi-ufuk","status":"publish","type":"product","link":"https:\/\/brothersjewellery.com\/en\/product\/o52-mavi-ufuk\/","title":{"rendered":"O52- Mavi Ufuk"},"content":{"rendered":"<p>\u00d6ne \u00c7\u0131kan \u00d6zellikler:<br \/>\nMateryal: 925 Ayar Masif G\u00fcm\u00fc\u015f (\u0130\u00e7 k\u0131s\u0131mlarda damgal\u0131d\u0131r, Y\u00fcksek Parlakl\u0131kta Cilal\u0131)<br \/>\nTa\u015f: Do\u011fal T\u00fcrkuaz (P\u00fcr\u00fczs\u00fcz \/ Duru Dokulu)<br \/>\nA\u011f\u0131rl\u0131k: 12.36 gram (Masif Yap\u0131)<br \/>\nStil: Zamans\u0131z, Sade, Cilal\u0131, Parlak Stil, Neoklasik Eskimeyen Klasik Form<br \/>\nForm: Enlemesine\/Yatay Geni\u015f ve P\u00fcr\u00fczs\u00fcz G\u00f6vde<br \/>\nAyr\u0131cal\u0131k: Yaln\u0131zca 1 adet \u00fcretilmi\u015ftir. \u00d6zel koleksiyonluk bir par\u00e7ad\u0131r ve sat\u0131ld\u0131\u011f\u0131nda bir e\u015fi daha olmayacakt\u0131r.<br \/>\nThe Brothers Jewellery kalitesiyle, sadece size \u00f6zel<\/p>","protected":false},"excerpt":{"rendered":"<p>The Brothers Jewellery&#8217;nin zanaatk\u00e2rl\u0131k miras\u0131ndan s\u00fcz\u00fclen bu e\u015fsiz par\u00e7a, sadeli\u011fin i\u00e7indeki ham g\u00fcc\u00fc minimalist bir dille ke\u015ffetmeniz i\u00e7in tasarland\u0131. Do\u011fan\u0131n en asil ta\u015flar\u0131ndan biri olan do\u011fal T\u00fcrkuaz&#8217;\u0131n (Firuze) yatay\/enlemesine formuyla \u015fekillenen bu y\u00fcz\u00fck, parma\u011f\u0131n\u0131zda p\u00fcr\u00fczs\u00fcz ve kararl\u0131 bir duru\u015f sergiliyor. Tasar\u0131m\u0131n minimalist \u00e7izgileri, y\u00fcksek parlakl\u0131kta cilalanm\u0131\u015f g\u00f6vdesiyle birle\u015ferek, abart\u0131dan uzak ama bir o kadar da iddial\u0131, zamans\u0131z ve eskimeyen bir klasi\u011fe d\u00f6n\u00fc\u015f\u00fcyor.<br \/>\nBu par\u00e7a sadece bir g\u00f6rsel \u015f\u00f6len de\u011fil, ayn\u0131 zamanda dokunsal bir deneyim sunuyor. Tam 12.36 graml\u0131k masif g\u00fcm\u00fc\u015f g\u00f6vdesiyle, parma\u011f\u0131n\u0131zda The Brothers Jewellery&#8217;nin o al\u0131\u015ft\u0131\u011f\u0131n\u0131z, kaliteli, sa\u011flam ve tok hissiyat\u0131n\u0131 her an hissettirir. Sadece tek bir adet \u00fcretilen bu y\u00fcz\u00fck, sat\u0131ld\u0131\u011f\u0131 anda bir e\u015fi daha olmayacak bir miras par\u00e7as\u0131d\u0131r. Geleneksel ve modernin kusursuz uyumu olan bu eskimeyen tasar\u0131m, stilinize asil, g\u00fc\u00e7l\u00fc ve sade bir imza atar.<\/p>","protected":false},"featured_media":2114,"comment_status":"open","ping_status":"closed","template":"","meta":[],"product_brand":[],"product_cat":[116,79,54],"product_tag":[],"class_list":{"0":"post-2284","1":"product","2":"type-product","3":"status-publish","4":"has-post-thumbnail","6":"product_cat-ozel-tasarim","7":"product_cat-tasli-yuzukler","8":"product_cat-yuzuk","10":"first","11":"instock","12":"shipping-taxable","13":"purchasable","14":"product-type-variable"},"_links":{"self":[{"href":"https:\/\/brothersjewellery.com\/en\/wp-json\/wp\/v2\/product\/2284","targetHints":{"allow":["GET"]}}],"collection":[{"href":"https:\/\/brothersjewellery.com\/en\/wp-json\/wp\/v2\/product"}],"about":[{"href":"https:\/\/brothersjewellery.com\/en\/wp-json\/wp\/v2\/types\/product"}],"replies":[{"embeddable":true,"href":"https:\/\/brothersjewellery.com\/en\/wp-json\/wp\/v2\/comments?post=2284"}],"wp:featuredmedia":[{"embeddable":true,"href":"https:\/\/brothersjewellery.com\/en\/wp-json\/wp\/v2\/media\/2114"}],"wp:attachment":[{"href":"https:\/\/brothersjewellery.com\/en\/wp-json\/wp\/v2\/media?parent=2284"}],"wp:term":[{"taxonomy":"product_brand","embeddable":true,"href":"https:\/\/brothersjewellery.com\/en\/wp-json\/wp\/v2\/product_brand?post=2284"},{"taxonomy":"product_cat","embeddable":true,"href":"https:\/\/brothersjewellery.com\/en\/wp-json\/wp\/v2\/product_cat?post=2284"},{"taxonomy":"product_tag","embeddable":true,"href":"https:\/\/brothersjewellery.com\/en\/wp-json\/wp\/v2\/product_tag?post=2284"}],"curies":[{"name":"wp","href":"https:\/\/api.w.org\/{rel}","templated":true}]}}