{"id":2286,"date":"2026-03-31T01:19:56","date_gmt":"2026-03-30T22:19:56","guid":{"rendered":"https:\/\/brothersjewellery.com\/urun\/o54-mercanin-asaleti\/"},"modified":"2026-04-01T01:03:23","modified_gmt":"2026-03-31T22:03:23","slug":"o54-mercanin-asaleti","status":"publish","type":"product","link":"https:\/\/brothersjewellery.com\/en\/product\/o54-mercanin-asaleti\/","title":{"rendered":"O54- Mercanin Asaleti"},"content":{"rendered":"<p>\u00d6ne \u00c7\u0131kan \u00d6zellikler:<br \/>\nMateryal: 925 Ayar Masif G\u00fcm\u00fc\u015f (\u0130\u00e7 k\u0131s\u0131mlarda damgal\u0131d\u0131r)<br \/>\nTa\u015f: Do\u011fal Mercan (P\u00fcr\u00fczs\u00fcz \/ Duru Dokulu)<br \/>\nA\u011f\u0131rl\u0131k: 14.68 gram (Masif Yap\u0131)<br \/>\nStil: Zamans\u0131z, Sade, Antik Tarz, Oksit Cilal\u0131, G\u00fcverseli Dokulu<br \/>\nAyr\u0131cal\u0131k: Yaln\u0131zca 1 adet \u00fcretilmi\u015ftir. \u00d6zel koleksiyonluk bir par\u00e7ad\u0131r ve sat\u0131ld\u0131\u011f\u0131nda bir e\u015fi daha olmayacakt\u0131r.<br \/>\nThe Brothers Jewellery kalitesiyle, sadece size \u00f6zel<\/p>","protected":false},"excerpt":{"rendered":"<p>The Brothers Jewellery&#8217;nin zanaatk\u00e2rl\u0131k miras\u0131ndan s\u00fcz\u00fclen bu e\u015fsiz par\u00e7a, parma\u011f\u0131n\u0131zda ta\u015f\u0131yaca\u011f\u0131n\u0131z ki\u015fisel bir miras. Klasik zerafeti antik bir g\u00fc\u00e7 duru\u015fuyla harmanlayan bu y\u00fcz\u00fck, kalbinde do\u011fan\u0131n en asil ta\u015flar\u0131ndan birini, Do\u011fal Mercan&#8217;\u0131 ta\u015f\u0131yor. P\u00fcr\u00fczs\u00fcz kaba\u015fon kesimiyle g\u00f6z al\u0131c\u0131 bir parlakl\u0131k sunan bu \u00f6zel ta\u015f, her bir do\u011fal deseniyle kendi benzersiz hikayesini anlat\u0131yor.<br \/>\nY\u00fcz\u00fc\u011f\u00fc koleksiyonun di\u011fer par\u00e7alar\u0131ndan ay\u0131ran en \u00e7arp\u0131c\u0131 \u00f6zelli\u011fi, d\u00fcnyada sadece bir adet \u00fcretilmi\u015f olmas\u0131n\u0131n yan\u0131 s\u0131ra, tam 14.68 graml\u0131k masif g\u00fcm\u00fc\u015f a\u011f\u0131rl\u0131\u011f\u0131d\u0131r. Bu ola\u011fan\u00fcst\u00fc a\u011f\u0131rl\u0131k, parma\u011f\u0131n\u0131zda The Brothers Jewellery&#8217;nin o al\u0131\u015ft\u0131\u011f\u0131n\u0131z, kaliteli ve tok hissiyat\u0131n\u0131 en \u00fcst seviyede ya\u015fat\u0131r. G\u00fcverseli (gran\u00fcle) taneleme tekni\u011fiyle bezenmi\u015f y\u00fczeyi, oksit cila ile derinlik kazanarak antika bir doku sunar. Hem g\u00fcnl\u00fck kullan\u0131mda hem de en \u00f6zel anlar\u0131n\u0131zda karakterinizi yans\u0131tacak, modas\u0131 asla ge\u00e7meyecek g\u00fc\u00e7l\u00fc bir imza ar\u0131yorsan\u0131z, d\u00fcnyadaki bu tek mercan y\u00fcz\u00fc\u011f\u00fcn sahibi siz olabilirsiniz.<\/p>","protected":false},"featured_media":2123,"comment_status":"open","ping_status":"closed","template":"","meta":[],"product_brand":[],"product_cat":[116,79,54],"product_tag":[],"class_list":{"0":"post-2286","1":"product","2":"type-product","3":"status-publish","4":"has-post-thumbnail","6":"product_cat-ozel-tasarim","7":"product_cat-tasli-yuzukler","8":"product_cat-yuzuk","10":"first","11":"instock","12":"shipping-taxable","13":"purchasable","14":"product-type-variable"},"_links":{"self":[{"href":"https:\/\/brothersjewellery.com\/en\/wp-json\/wp\/v2\/product\/2286","targetHints":{"allow":["GET"]}}],"collection":[{"href":"https:\/\/brothersjewellery.com\/en\/wp-json\/wp\/v2\/product"}],"about":[{"href":"https:\/\/brothersjewellery.com\/en\/wp-json\/wp\/v2\/types\/product"}],"replies":[{"embeddable":true,"href":"https:\/\/brothersjewellery.com\/en\/wp-json\/wp\/v2\/comments?post=2286"}],"wp:featuredmedia":[{"embeddable":true,"href":"https:\/\/brothersjewellery.com\/en\/wp-json\/wp\/v2\/media\/2123"}],"wp:attachment":[{"href":"https:\/\/brothersjewellery.com\/en\/wp-json\/wp\/v2\/media?parent=2286"}],"wp:term":[{"taxonomy":"product_brand","embeddable":true,"href":"https:\/\/brothersjewellery.com\/en\/wp-json\/wp\/v2\/product_brand?post=2286"},{"taxonomy":"product_cat","embeddable":true,"href":"https:\/\/brothersjewellery.com\/en\/wp-json\/wp\/v2\/product_cat?post=2286"},{"taxonomy":"product_tag","embeddable":true,"href":"https:\/\/brothersjewellery.com\/en\/wp-json\/wp\/v2\/product_tag?post=2286"}],"curies":[{"name":"wp","href":"https:\/\/api.w.org\/{rel}","templated":true}]}}