{"id":2288,"date":"2026-03-31T01:19:56","date_gmt":"2026-03-30T22:19:56","guid":{"rendered":"https:\/\/brothersjewellery.com\/urun\/o56-derin-malahit-yuzugu\/"},"modified":"2026-04-01T01:03:14","modified_gmt":"2026-03-31T22:03:14","slug":"o56-derin-malahit-yuzugu","status":"publish","type":"product","link":"https:\/\/brothersjewellery.com\/en\/product\/o56-derin-malahit-yuzugu\/","title":{"rendered":"O56- Derin Malahit Y\u00fcz\u00fc\u011f\u00fc"},"content":{"rendered":"<p>\u00dcr\u00fcn \u00d6zellikleri:<br \/>\nDo\u011fal malahit ta\u015f<br \/>\nG\u00f6mme m\u0131hlama<br \/>\nGeni\u015f ta\u015f y\u00fczeyi<br \/>\n925 ayar g\u00fcm\u00fc\u015f<br \/>\nParlak cilal\u0131 y\u00fczey<br \/>\nEl yap\u0131m\u0131<br \/>\nTok ve dolgun form<br \/>\nA\u011f\u0131rl\u0131k: ~19.23 gr<br \/>\nTek \u00fcretim (one of a kind)<\/p>","protected":false},"excerpt":{"rendered":"<p>G\u00fc\u00e7l\u00fc formu ve geni\u015f ta\u015f y\u00fczeyiyle \u00f6ne \u00e7\u0131kan Derin Malahit Y\u00fcz\u00fc\u011f\u00fc, do\u011fan\u0131n karakterini modern bir tasar\u0131mla bulu\u015fturur.<br \/>\nMerkezde yer alan do\u011fal malahit ta\u015f\u0131, kendine \u00f6zg\u00fc ye\u015fil damar yap\u0131s\u0131yla her a\u00e7\u0131dan farkl\u0131 bir derinlik sunar. G\u00f6mme m\u0131hlama tekni\u011fiyle yerle\u015ftirilen geni\u015f ta\u015f, y\u00fcz\u00fc\u011f\u00fcn formuyla b\u00fct\u00fcnle\u015ferek parma\u011f\u0131 kaplayan g\u00fc\u00e7l\u00fc ve dengeli bir duru\u015f olu\u015fturur.<br \/>\nParlak ve cilal\u0131 g\u00fcm\u00fc\u015f g\u00f6vde, ta\u015f\u0131n do\u011fal desenlerini \u00f6n plana \u00e7\u0131kar\u0131rken; dolgun ve tok yap\u0131s\u0131 elde g\u00fcven veren bir hissiyat sunar. G\u00f6steri\u015ften uzak ama net bir karakter ta\u015f\u0131yan bu par\u00e7a, zamans\u0131z tasar\u0131m anlay\u0131\u015f\u0131n\u0131n g\u00fc\u00e7l\u00fc bir \u00f6rne\u011fidir.<br \/>\nBu y\u00fcz\u00fck tek \u00fcretimdir. Ayn\u0131s\u0131 yoktur.<\/p>","protected":false},"featured_media":2131,"comment_status":"open","ping_status":"closed","template":"","meta":[],"product_brand":[],"product_cat":[116,79,54],"product_tag":[],"class_list":{"0":"post-2288","1":"product","2":"type-product","3":"status-publish","4":"has-post-thumbnail","6":"product_cat-ozel-tasarim","7":"product_cat-tasli-yuzukler","8":"product_cat-yuzuk","10":"first","11":"instock","12":"shipping-taxable","13":"purchasable","14":"product-type-variable"},"_links":{"self":[{"href":"https:\/\/brothersjewellery.com\/en\/wp-json\/wp\/v2\/product\/2288","targetHints":{"allow":["GET"]}}],"collection":[{"href":"https:\/\/brothersjewellery.com\/en\/wp-json\/wp\/v2\/product"}],"about":[{"href":"https:\/\/brothersjewellery.com\/en\/wp-json\/wp\/v2\/types\/product"}],"replies":[{"embeddable":true,"href":"https:\/\/brothersjewellery.com\/en\/wp-json\/wp\/v2\/comments?post=2288"}],"wp:featuredmedia":[{"embeddable":true,"href":"https:\/\/brothersjewellery.com\/en\/wp-json\/wp\/v2\/media\/2131"}],"wp:attachment":[{"href":"https:\/\/brothersjewellery.com\/en\/wp-json\/wp\/v2\/media?parent=2288"}],"wp:term":[{"taxonomy":"product_brand","embeddable":true,"href":"https:\/\/brothersjewellery.com\/en\/wp-json\/wp\/v2\/product_brand?post=2288"},{"taxonomy":"product_cat","embeddable":true,"href":"https:\/\/brothersjewellery.com\/en\/wp-json\/wp\/v2\/product_cat?post=2288"},{"taxonomy":"product_tag","embeddable":true,"href":"https:\/\/brothersjewellery.com\/en\/wp-json\/wp\/v2\/product_tag?post=2288"}],"curies":[{"name":"wp","href":"https:\/\/api.w.org\/{rel}","templated":true}]}}