{"id":2318,"date":"2026-03-31T11:56:07","date_gmt":"2026-03-31T08:56:07","guid":{"rendered":"https:\/\/brothersjewellery.com\/?post_type=product&#038;p=2318"},"modified":"2026-04-03T18:30:59","modified_gmt":"2026-04-03T15:30:59","slug":"2-tematik","status":"publish","type":"product","link":"https:\/\/brothersjewellery.com\/en\/product\/2-tematik\/","title":{"rendered":"2 K\u0131yamet Serisi II: \u0130klim De\u011fi\u015fikli\u011fi"},"content":{"rendered":"<div class=\"wpb-content-wrapper\"><div class=\"vc_row wpb_row vc_row-fluid\"><div class=\"wpb_column vc_column_container vc_col-sm-12\"><div class=\"vc_column-inner\"><div class=\"wpb_wrapper\">\n\t<div class=\"wpb_text_column wpb_content_element\" >\n\t\t<div class=\"wpb_wrapper\">\n\t\t\t<ul>\n<li><strong>Koleksiyon Ad\u0131:<\/strong> Apocalypse Now Serisi<\/li>\n<li>\u200b<strong>Temas\u0131:<\/strong> \u0130klim De\u011fi\u015fikli\u011fi Awareness<\/li>\n<li>\u200b<strong>Maden:<\/strong> 925 Ayar Eskitilmi\u015f G\u00fcm\u00fc\u015f<\/li>\n<li>\u200b<strong>Merkez Ta\u015f:<\/strong> Kare Kesim Sar\u0131 sitrin<\/li>\n<li>\u200b<strong>Yan Ta\u015flar:<\/strong> K\u00fc\u00e7\u00fck Sar\u0131\/\u015eeffaf Kristaller<\/li>\n<li>\u200b<strong>K\u0131rm\u0131z\u0131 Detaylar:<\/strong> Dokulu Mine\/Polimer Kaplama<\/li>\n<li>\u200b<strong>A\u011f\u0131rl\u0131k:<\/strong> Yakla\u015f\u0131k 22.85 gr (Boyuta g\u00f6re de\u011fi\u015febilir)<\/li>\n<li>\u200b<strong>Yap\u0131m T\u00fcr\u00fc:<\/strong> El Yap\u0131m\u0131 Tasar\u0131m<\/li>\n<li>\u200b<strong>Ana Renkler:<\/strong> Antik G\u00fcm\u00fc\u015f, Sar\u0131, K\u0131rm\u0131z\u0131<\/li>\n<\/ul>\n\n\t\t<\/div>\n\t<\/div>\n<\/div><\/div><\/div><\/div>\n<\/div>","protected":false},"excerpt":{"rendered":"<p><strong>Fark\u0131ndal\u0131\u011f\u0131 Stilinizle Birle\u015ftirin: &#8220;\u0130klim De\u011fi\u015fikli\u011fi&#8221; Temal\u0131 Tasar\u0131m<\/strong><\/p>\n<p>\u200bBu e\u015fsiz y\u00fcz\u00fck, sadece bir aksesuar de\u011fil, ayn\u0131 zamanda g\u00fc\u00e7l\u00fc bir mesaj ta\u015f\u0131yan sanatsal bir eserdir. &#8220;Apocalypse Now&#8221; (K\u0131yamet \u015eimdi) serimizin ikinci d\u00fc\u015f\u00fcnd\u00fcr\u00fcc\u00fc par\u00e7as\u0131 olan bu g\u00fcm\u00fc\u015f y\u00fcz\u00fck, &#8220;\u0130klim De\u011fi\u015fikli\u011fi&#8221; konusuna dikkat \u00e7ekmek ve fark\u0131ndal\u0131k yaratmak amac\u0131yla tasarlanm\u0131\u015ft\u0131r.<\/p>\n<p>\u200b<strong>Tasar\u0131m Hikayesi ve Metafor<\/strong><\/p>\n<p>\u200bTasar\u0131m, modern \u015fehirlerimizin iklim de\u011fi\u015fikli\u011fi ve do\u011fal afetler kar\u015f\u0131s\u0131ndaki k\u0131r\u0131lganl\u0131\u011f\u0131na dikkat \u00e7ekiyor. Y\u00fcz\u00fc\u011f\u00fcn \u00fcst k\u0131sm\u0131n\u0131n bir yar\u0131s\u0131, geometrik ve p\u00fcr\u00fczs\u00fcz yap\u0131s\u0131yla modern \u015fehirlerin narin ve narin dokusunu temsil eder. Di\u011fer yar\u0131s\u0131 ise, p\u00fcr\u00fczl\u00fc, organik ve lav benzeri k\u0131rm\u0131z\u0131 dokusuyla do\u011fal afetlerin getirdi\u011fi y\u0131k\u0131m\u0131, erimeyi ve y\u0131k\u0131m\u0131 simgeliyor. Bu iki tezat yar\u0131, parma\u011f\u0131n\u0131zda bir araya gelerek d\u00fcnyam\u0131z\u0131n mevcut durumunu \u00e7arp\u0131c\u0131 bir \u015fekilde yans\u0131t\u0131yor.<\/p>\n<p>\u200b<strong>E\u015fsiz Detaylar ve Malzemeler<\/strong><\/p>\n<p>\u200bEskitilmi\u015f 925 ayar g\u00fcm\u00fc\u015ften el yap\u0131m\u0131 olarak \u00fcretilen bu y\u00fcz\u00fck, 22.85 gram a\u011f\u0131rl\u0131\u011f\u0131yla hem sa\u011flam hem de \u015f\u0131k hissettirir. Y\u00fcz\u00fc\u011f\u00fcn merkezinde, geometrik bir \u00e7er\u00e7eve i\u00e7ine yerle\u015ftirilmi\u015f, kare kesimli, nadir bulunan sar\u0131 bir turmalin ta\u015f\u0131 parlamaktad\u0131r. Merkez ta\u015f\u0131n \u00e7evresi, tasar\u0131m\u0131 tamamlayan k\u00fc\u00e7\u00fck, \u0131\u015f\u0131lt\u0131l\u0131 yan ta\u015flardan olu\u015fan bir halka ile \u00e7evrilidir. K\u0131rm\u0131z\u0131 detaylar, \u00f6zel bir mine uygulanarak y\u0131k\u0131m etkisini g\u00fc\u00e7lendirir ve y\u00fcz\u00fc\u011fe dinamik bir karakter kazand\u0131r\u0131r.<\/p>\n<p>\u200b<strong>Neden Bu Y\u00fcz\u00fc\u011f\u00fc Se\u00e7melisiniz?<\/strong><\/p>\n<p>\u200bBu y\u00fcz\u00fck, sadece estetik kayg\u0131larla de\u011fil, ayn\u0131 zamanda derin bir anlamla tasarlanm\u0131\u015ft\u0131r. Bu tasar\u0131m\u0131 se\u00e7erek, sadece \u015f\u0131kl\u0131\u011f\u0131n\u0131z\u0131 de\u011fil, ayn\u0131 zamanda k\u00fcresel iklim de\u011fi\u015fikli\u011fi fark\u0131ndal\u0131\u011f\u0131na olan deste\u011finizi de sergileyebilirsiniz. Koleksiyonunuza anlaml\u0131 ve konu\u015fulacak bir par\u00e7a eklemek isteyenler i\u00e7in m\u00fckemmel bir se\u00e7imdir.<\/p>","protected":false},"featured_media":2319,"comment_status":"open","ping_status":"closed","template":"","meta":[],"product_brand":[],"product_cat":[80],"product_tag":[],"class_list":{"0":"post-2318","1":"product","2":"type-product","3":"status-publish","4":"has-post-thumbnail","6":"product_cat-tematik-urunler","8":"first","9":"instock","10":"shipping-taxable","11":"purchasable","12":"product-type-variable"},"_links":{"self":[{"href":"https:\/\/brothersjewellery.com\/en\/wp-json\/wp\/v2\/product\/2318","targetHints":{"allow":["GET"]}}],"collection":[{"href":"https:\/\/brothersjewellery.com\/en\/wp-json\/wp\/v2\/product"}],"about":[{"href":"https:\/\/brothersjewellery.com\/en\/wp-json\/wp\/v2\/types\/product"}],"replies":[{"embeddable":true,"href":"https:\/\/brothersjewellery.com\/en\/wp-json\/wp\/v2\/comments?post=2318"}],"wp:featuredmedia":[{"embeddable":true,"href":"https:\/\/brothersjewellery.com\/en\/wp-json\/wp\/v2\/media\/2319"}],"wp:attachment":[{"href":"https:\/\/brothersjewellery.com\/en\/wp-json\/wp\/v2\/media?parent=2318"}],"wp:term":[{"taxonomy":"product_brand","embeddable":true,"href":"https:\/\/brothersjewellery.com\/en\/wp-json\/wp\/v2\/product_brand?post=2318"},{"taxonomy":"product_cat","embeddable":true,"href":"https:\/\/brothersjewellery.com\/en\/wp-json\/wp\/v2\/product_cat?post=2318"},{"taxonomy":"product_tag","embeddable":true,"href":"https:\/\/brothersjewellery.com\/en\/wp-json\/wp\/v2\/product_tag?post=2318"}],"curies":[{"name":"wp","href":"https:\/\/api.w.org\/{rel}","templated":true}]}}