{"id":2324,"date":"2026-03-31T11:56:51","date_gmt":"2026-03-31T08:56:51","guid":{"rendered":"https:\/\/brothersjewellery.com\/?post_type=product&#038;p=2324"},"modified":"2026-04-03T18:05:08","modified_gmt":"2026-04-03T15:05:08","slug":"3-tematik","status":"publish","type":"product","link":"https:\/\/brothersjewellery.com\/en\/product\/3-tematik\/","title":{"rendered":"3 Ouroboros: Hayat Bulmacas\u0131"},"content":{"rendered":"<div class=\"wpb-content-wrapper\"><div class=\"vc_row wpb_row vc_row-fluid\"><div class=\"wpb_column vc_column_container vc_col-sm-12\"><div class=\"vc_column-inner\"><div class=\"wpb_wrapper\">\n\t<div class=\"wpb_text_column wpb_content_element\" >\n\t\t<div class=\"wpb_wrapper\">\n\t\t\t<p>Bu tasar\u0131m\u0131n merkezinde yer alan Ouroboros, do\u011fum ve \u00f6l\u00fcm\u00fc temsil eder.<\/p>\n<p>Kendi kuyru\u011funu \u0131s\u0131ran y\u0131lan, bir ba\u015flang\u0131c\u0131n ayn\u0131 zamanda bir son oldu\u011funu anlat\u0131r. Bu, hayat\u0131n tek kesin ve tart\u0131\u015fmas\u0131z ger\u00e7e\u011fidir.<\/p>\n<p>\u0130nsan do\u011far.<\/p>\n<p>Ya\u015far.<\/p>\n<p>Ve \u00f6l\u00fcr.<\/p>\n<p>Bu iki nokta nettir. De\u011fi\u015fmez. Ka\u00e7\u0131n\u0131lmazd\u0131r.<\/p>\n<p>Bilezi\u011fin merkezindeki Ouroboros, bu iki kesinli\u011fi sembolize ederken; \u00e7evresini olu\u015fturan segmentler hayat\u0131n geri kalan\u0131n\u0131 temsil eder. Yani belirsizli\u011fi.<\/p>\n<p>Hayat, bu iki kesinlik aras\u0131nda kalan bir \u201c<strong><em>bulmacad\u0131r<\/em><\/strong>.\u201d<\/p>\n<p>Net olmayan, gri tonlarla dolu bir alan.<\/p>\n<p>Her bir par\u00e7a, bu bulmacan\u0131n bir b\u00f6l\u00fcm\u00fcd\u00fcr.<\/p>\n<p>Bu bo\u015fluklar\u0131 dolduracak olan <em>sensin<\/em>.<\/p>\n<p><em>Ya\u015fad\u0131\u011f\u0131n her deneyim, ald\u0131\u011f\u0131n her karar, kurdu\u011fun her ba\u011f\u2026<\/em><\/p>\n<p>Hepsi bu b\u00fct\u00fcn\u00fcn eksik par\u00e7alar\u0131d\u0131r.<\/p>\n<p>Bu bilezik, <em>kusursuzlu\u011fu<\/em> de\u011fil <u>ger\u00e7e\u011fi<\/u> anlat\u0131r.<\/p>\n<p>F\u0131r\u00e7al\u0131 ve oksitli y\u00fczey, hayat\u0131n p\u00fcr\u00fczl\u00fc do\u011fas\u0131n\u0131 yans\u0131t\u0131r.<\/p>\n<p>Zamanla olu\u015facak izler, bu par\u00e7ay\u0131 sana ait k\u0131lar.<\/p>\n<p>Ve en sonunda\u2026<\/p>\n<p>D\u00f6ng\u00fc tamamlan\u0131r.<\/p>\n<p><em><u>Ba\u015flad\u0131\u011f\u0131n yere geri d\u00f6nersin<\/u><\/em>.<\/p>\n\n\t\t<\/div>\n\t<\/div>\n<\/div><\/div><\/div><\/div>\n<\/div>","protected":false},"excerpt":{"rendered":"<p>21 cm uzunlu\u011funda olup, her bakla 2 cm&#8217;dir. \u0130stenirse daralt\u0131labilinir.<\/p>","protected":false},"featured_media":2325,"comment_status":"open","ping_status":"closed","template":"","meta":[],"product_brand":[],"product_cat":[80],"product_tag":[],"class_list":{"0":"post-2324","1":"product","2":"type-product","3":"status-publish","4":"has-post-thumbnail","6":"product_cat-tematik-urunler","8":"first","9":"instock","10":"shipping-taxable","11":"purchasable","12":"product-type-variable"},"_links":{"self":[{"href":"https:\/\/brothersjewellery.com\/en\/wp-json\/wp\/v2\/product\/2324","targetHints":{"allow":["GET"]}}],"collection":[{"href":"https:\/\/brothersjewellery.com\/en\/wp-json\/wp\/v2\/product"}],"about":[{"href":"https:\/\/brothersjewellery.com\/en\/wp-json\/wp\/v2\/types\/product"}],"replies":[{"embeddable":true,"href":"https:\/\/brothersjewellery.com\/en\/wp-json\/wp\/v2\/comments?post=2324"}],"wp:featuredmedia":[{"embeddable":true,"href":"https:\/\/brothersjewellery.com\/en\/wp-json\/wp\/v2\/media\/2325"}],"wp:attachment":[{"href":"https:\/\/brothersjewellery.com\/en\/wp-json\/wp\/v2\/media?parent=2324"}],"wp:term":[{"taxonomy":"product_brand","embeddable":true,"href":"https:\/\/brothersjewellery.com\/en\/wp-json\/wp\/v2\/product_brand?post=2324"},{"taxonomy":"product_cat","embeddable":true,"href":"https:\/\/brothersjewellery.com\/en\/wp-json\/wp\/v2\/product_cat?post=2324"},{"taxonomy":"product_tag","embeddable":true,"href":"https:\/\/brothersjewellery.com\/en\/wp-json\/wp\/v2\/product_tag?post=2324"}],"curies":[{"name":"wp","href":"https:\/\/api.w.org\/{rel}","templated":true}]}}