{"id":2331,"date":"2026-03-31T11:58:37","date_gmt":"2026-03-31T08:58:37","guid":{"rendered":"https:\/\/brothersjewellery.com\/?post_type=product&#038;p=2331"},"modified":"2026-04-03T18:33:05","modified_gmt":"2026-04-03T15:33:05","slug":"4-tematik","status":"publish","type":"product","link":"https:\/\/brothersjewellery.com\/en\/product\/4-tematik\/","title":{"rendered":"4 Orientalist Dancer Earrings \u2013 Ritmin ve Tarihin \u0130zinde"},"content":{"rendered":"<div class=\"wpb-content-wrapper\"><div class=\"vc_row wpb_row vc_row-fluid\"><div class=\"wpb_column vc_column_container vc_col-sm-12\"><div class=\"vc_column-inner\"><div class=\"wpb_wrapper\">\n\t<div class=\"wpb_text_column wpb_content_element\" >\n\t\t<div class=\"wpb_wrapper\">\n\t\t\t<p>Teknik Detaylar<\/p>\n<p>925 ayar g\u00fcm\u00fc\u015f<\/p>\n<p>El i\u015f\u00e7ili\u011fi fig\u00fcr kesim ve kaz\u0131ma detaylar\u0131<\/p>\n<p>Oksitli y\u00fczey ile derinlikli g\u00f6r\u00fcn\u00fcm<\/p>\n<p>Hafif ve dengeli kullan\u0131m<\/p>\n<p>Zamans\u0131z, tematik tasar\u0131m<\/p>\n\n\t\t<\/div>\n\t<\/div>\n<\/div><\/div><\/div><\/div>\n<\/div>","protected":false},"excerpt":{"rendered":"<p>Bu tasar\u0131m, yaln\u0131zca bir fig\u00fcrden ibaret de\u011fildir; bir k\u00fclt\u00fcr\u00fcn, bir anlat\u0131n\u0131n ve bir esteti\u011fin yans\u0131mas\u0131d\u0131r.<\/p>\n<p>Orientalist Dancer Earrings, Do\u011fu\u2019nun ritmini, hareketini ve zarafetini modern bir yorumla yeniden ta\u015f\u0131r.<\/p>\n<p>Oryantal dans\u0131n k\u00f6kenleri, Orta Do\u011fu ve Anadolu co\u011frafyas\u0131na uzanan kadim bir ge\u00e7mi\u015fe dayan\u0131r. Y\u00fczy\u0131llar boyunca kad\u0131n bedeninin ritimle kurdu\u011fu ili\u015fki; do\u011furganl\u0131k, ya\u015fam enerjisi ve ifade \u00f6zg\u00fcrl\u00fc\u011f\u00fc ile ili\u015fkilendirilmi\u015ftir. 19. y\u00fczy\u0131lda Bat\u0131 d\u00fcnyas\u0131nda \u201corientalizm\u201d ak\u0131m\u0131yla birlikte bu dans, egzotik ve b\u00fcy\u00fcleyici bir estetik olarak sanat\u0131n bir\u00e7ok alan\u0131nda kendine yer bulmu\u015ftur.<\/p>\n<p>Bu k\u00fcpede yer alan fig\u00fcr, i\u015fte bu tarihsel anlat\u0131ya bir g\u00f6ndermedir.<\/p>\n<p>Hareket halindeki kad\u0131n formu; ak\u0131\u015fkanl\u0131k, \u00f6zg\u00fcven ve ritmik dengeyi temsil eder. Duru\u015fundaki zarafet, sadece bir dans\u0131 de\u011fil, bir k\u00fclt\u00fcr\u00fcn estetik dilini yans\u0131t\u0131r.<\/p>\n<p>Minimal ama karakter sahibi bu tasar\u0131m, g\u00fcnl\u00fck kullan\u0131mdan \u00f6zel anlara kadar farkl\u0131 stillerle uyum sa\u011flar.<\/p>\n<p>Oksitli y\u00fczey detaylar\u0131 fig\u00fcre derinlik kazand\u0131r\u0131rken, el i\u015f\u00e7ili\u011finin izleri her par\u00e7ada kendini hissettirir.<\/p>\n<p>Bu k\u00fcpe, yaln\u0131zca bir aksesuar de\u011fil;<\/p>\n<p>hareketin, tarihin ve kad\u0131n zarafetinin zamans\u0131z bir yorumudur.<\/p>","protected":false},"featured_media":2332,"comment_status":"open","ping_status":"closed","template":"","meta":[],"product_brand":[],"product_cat":[80],"product_tag":[],"class_list":{"0":"post-2331","1":"product","2":"type-product","3":"status-publish","4":"has-post-thumbnail","6":"product_cat-tematik-urunler","8":"first","9":"instock","10":"shipping-taxable","11":"purchasable","12":"product-type-variable"},"_links":{"self":[{"href":"https:\/\/brothersjewellery.com\/en\/wp-json\/wp\/v2\/product\/2331","targetHints":{"allow":["GET"]}}],"collection":[{"href":"https:\/\/brothersjewellery.com\/en\/wp-json\/wp\/v2\/product"}],"about":[{"href":"https:\/\/brothersjewellery.com\/en\/wp-json\/wp\/v2\/types\/product"}],"replies":[{"embeddable":true,"href":"https:\/\/brothersjewellery.com\/en\/wp-json\/wp\/v2\/comments?post=2331"}],"wp:featuredmedia":[{"embeddable":true,"href":"https:\/\/brothersjewellery.com\/en\/wp-json\/wp\/v2\/media\/2332"}],"wp:attachment":[{"href":"https:\/\/brothersjewellery.com\/en\/wp-json\/wp\/v2\/media?parent=2331"}],"wp:term":[{"taxonomy":"product_brand","embeddable":true,"href":"https:\/\/brothersjewellery.com\/en\/wp-json\/wp\/v2\/product_brand?post=2331"},{"taxonomy":"product_cat","embeddable":true,"href":"https:\/\/brothersjewellery.com\/en\/wp-json\/wp\/v2\/product_cat?post=2331"},{"taxonomy":"product_tag","embeddable":true,"href":"https:\/\/brothersjewellery.com\/en\/wp-json\/wp\/v2\/product_tag?post=2331"}],"curies":[{"name":"wp","href":"https:\/\/api.w.org\/{rel}","templated":true}]}}